{"id":383,"date":"2015-02-10T09:30:08","date_gmt":"2015-02-10T09:30:08","guid":{"rendered":"http:\/\/demo.oceanthemes.net\/pallas\/?page_id=383"},"modified":"2023-03-09T20:59:36","modified_gmt":"2023-03-09T19:59:36","slug":"about-2","status":"publish","type":"page","link":"https:\/\/dpa.gmbh\/?page_id=383","title":{"rendered":"Impressum"},"content":{"rendered":"<div class=\"wpb-content-wrapper\"><p>[vc_row][vc_column][vc_column_text]&nbsp;<\/p>\n<p>&nbsp;<\/p>\n<p>&nbsp;[\/vc_column_text][vc_column_text]<span style=\"color: #000000;\"><b>DPA GmbH<\/b><\/span><\/p>\n<p><span style=\"color: #000000;\"><b>Anschrift<\/b><\/span><\/p>\n<p><span style=\"color: #000000;\">DPA GmbH<\/span><br \/>\n<span style=\"color: #000000;\">Espenweg 8<\/span><br \/>\n<span style=\"color: #000000;\">51647 Gummersbach<\/span><br \/>\n<span style=\"color: #000000;\">Deutschland<\/span><br \/>\n<span style=\"color: #000000;\">Telefon: +49 2266 4406984<\/span><br \/>\n<span style=\"color: #000000;\">E-Mail:\u00a0<a style=\"color: #000000;\" href=\"mailto:info@dpa.gmbh\">info@dpa.gmbh<\/a><\/span><\/p>\n<p><span style=\"color: #000000;\"><b>Handelsregister<\/b><\/span><\/p>\n<p><span style=\"color: #000000;\">HRA 113036 (K\u00f6ln)<\/span><br \/>\n<span style=\"color: #000000;\">Sitz der Gesellschaft: Gummersbach<\/span><\/p>\n<p><span style=\"color: #000000;\">Steuer-Nr. 27\/138\/61349<\/span><\/p>\n<p><span style=\"color: #000000;\"><b>Zust\u00e4ndige Aufsichtsbeh\u00f6rde \/ Erlaubnisbeh\u00f6rde<\/b><\/span><\/p>\n<p><span style=\"color: #000000;\">Bundesagentur f\u00fcr Arbeit \u2013 Agentur f\u00fcr Arbeit D\u00fcsseldorf<\/span><\/p>\n<p><span style=\"color: #000000;\">Besucheranschrift:<\/span><br \/>\n<span style=\"color: #000000;\">Grafenberger Allee 300<\/span><br \/>\n<span style=\"color: #000000;\">40237 D\u00fcsseldorf<\/span><\/p>\n<p><span style=\"color: #000000;\">Postanschrift:<\/span><\/p>\n<p><span style=\"color: #000000;\">Agentur f\u00fcr Arbeit D\u00fcsseldorf<\/span><br \/>\n<span style=\"color: #000000;\">40180 D\u00fcsseldorf<\/span><\/p>\n<p><span style=\"color: #000000;\">Tel: +49 211 692 1100<\/span><br \/>\n<span style=\"color: #000000;\">Fax: +49 211 692-1610<\/span><br \/>\n<span style=\"color: #000000;\">E-Mail:\u00a0Duesseldorf@arbeitsagentur.de<\/span><\/p>\n<p><span style=\"color: #000000;\"><b>Redaktionelle Verantwortlichkeit gem\u00e4\u00df \u00a7 18 Abs. 2 MStV (Medienstaatsvertrag)<\/b><\/span><\/p>\n<p><span style=\"color: #000000;\">DPA GmbH<\/span><br \/>\n<span style=\"color: #000000;\">Espenweg 8<\/span><br \/>\n<span style=\"color: #000000;\">51647 Gummersbach<\/span><br \/>\n<span style=\"color: #000000;\">Deutschland<\/span><br \/>\n<span style=\"color: #000000;\">Telefon: +49 2266 4406984<\/span><br \/>\n<span style=\"color: #000000;\">E-Mail:\u00a0info@dpa.gmbh<\/span><\/p>\n<p><span style=\"color: #000000;\"><b>\u201eAlternative Streitbeilegung gem\u00e4\u00df Art 14 Abs. 1 ODR-VO und \u00a7 36 VSGB<\/b><\/span><\/p>\n<p><span style=\"color: #000000;\">Wir sind nicht bereit und nicht verpflichtet, an Streitbeilegungsverfahren vor einer Verbraucherschlichtungsstelle teilzunehmen.\u201c<\/span>[\/vc_column_text][\/vc_column][\/vc_row]<\/p>\n<\/div>","protected":false},"excerpt":{"rendered":"<p>[vc_row][vc_column][vc_column_text]&nbsp; &nbsp; &nbsp;[\/vc_column_text][vc_column_text]DPA GmbH Anschrift DPA GmbH Espenweg 8 51647 Gummersbach Deutschland Telefon: +49 2266 4406984 E-Mail:\u00a0info@dpa.gmbh Handelsregister HRA 113036 (K\u00f6ln) Sitz der Gesellschaft: Gummersbach Steuer-Nr. 27\/138\/61349 Zust\u00e4ndige Aufsichtsbeh\u00f6rde \/ Erlaubnisbeh\u00f6rde Bundesagentur f\u00fcr Arbeit \u2013 Agentur f\u00fcr Arbeit D\u00fcsseldorf Besucheranschrift: Grafenberger Allee 300 40237 D\u00fcsseldorf Postanschrift: Agentur f\u00fcr Arbeit D\u00fcsseldorf 40180 D\u00fcsseldorf Tel: +49 211 [&hellip;]<\/p>\n","protected":false},"author":1,"featured_media":0,"parent":0,"menu_order":0,"comment_status":"open","ping_status":"open","template":"page-templates\/page-fullwidth.php","meta":{"footnotes":""},"class_list":["post-383","page","type-page","status-publish","hentry"],"_links":{"self":[{"href":"https:\/\/dpa.gmbh\/index.php?rest_route=\/wp\/v2\/pages\/383","targetHints":{"allow":["GET"]}}],"collection":[{"href":"https:\/\/dpa.gmbh\/index.php?rest_route=\/wp\/v2\/pages"}],"about":[{"href":"https:\/\/dpa.gmbh\/index.php?rest_route=\/wp\/v2\/types\/page"}],"author":[{"embeddable":true,"href":"https:\/\/dpa.gmbh\/index.php?rest_route=\/wp\/v2\/users\/1"}],"replies":[{"embeddable":true,"href":"https:\/\/dpa.gmbh\/index.php?rest_route=%2Fwp%2Fv2%2Fcomments&post=383"}],"version-history":[{"count":6,"href":"https:\/\/dpa.gmbh\/index.php?rest_route=\/wp\/v2\/pages\/383\/revisions"}],"predecessor-version":[{"id":790,"href":"https:\/\/dpa.gmbh\/index.php?rest_route=\/wp\/v2\/pages\/383\/revisions\/790"}],"wp:attachment":[{"href":"https:\/\/dpa.gmbh\/index.php?rest_route=%2Fwp%2Fv2%2Fmedia&parent=383"}],"curies":[{"name":"wp","href":"https:\/\/api.w.org\/{rel}","templated":true}]}}