{"id":628,"date":"2015-03-03T08:22:48","date_gmt":"2015-03-03T08:22:48","guid":{"rendered":"http:\/\/demo.oceanthemes.net\/pallas\/?page_id=628"},"modified":"2023-02-02T11:15:21","modified_gmt":"2023-02-02T10:15:21","slug":"home-background-slider","status":"publish","type":"page","link":"https:\/\/dpa.gmbh\/","title":{"rendered":"Home Background Slider"},"content":{"rendered":"<div class=\"wpb-content-wrapper\"><p>[vc_row door=&#8221;no&#8221;][vc_column]\t\r\n\t<div class=\"home-top-slider\" id=\"slider-wrap\">\t\t\t\r\n\t\t<div id=\"wrapper-slider\">\r\n\t\t\t<div id=\"controls\">\r\n\t\t\t\t<div class=\"prev\"><\/div>\r\n\t\t\t\t<div class=\"next\"><\/div>\r\n\t\t\t<\/div>\r\n\t\t<\/div>\r\n\t\t<div class=\"cd-intro\">\r\n\t\t\t<h1>Die Personaldienstleister <b>Agentur<\/b><\/h1>\t\t<\/div>\r\n\t\t\t\t<a href=\"#scroll-link\" class=\"scroll scroll-down\"><\/a>\t\t\r\n\t<\/div>\r\n\r\n\t<script type=\"text\/javascript\">\r\n        var myGallery;        \r\n\r\n        (function($) { \"use strict\";            \r\n\r\n            \/**\r\n             *\r\n             * Initialize the gallery\r\n             * @type {mbBgndGallery}\r\n             *\/\r\n            myGallery = new mbBgndGallery({\r\n                containment:\"#slider-wrap\",\r\n                timer:2000,\r\n                effTimer:4000,\r\n                controls:\"#controls\",\r\n                grayScale:false,\r\n                shuffle:true,\r\n                preserveWidth:false,\r\n                effect:\"zoom\",\r\n                images:[\r\n                \t                 \t\"https:\/\/dpa.gmbh\/wp-content\/uploads\/2015\/03\/2.jpg\",\r\n\t            \t                 \t\"https:\/\/dpa.gmbh\/wp-content\/uploads\/2015\/03\/1.jpg\",\r\n\t            \t                 \t\"https:\/\/dpa.gmbh\/wp-content\/uploads\/2015\/03\/3.jpg\",\r\n\t                            ],\r\n\r\n                onStart:function(){},\r\n                onPause:function(){},\r\n                onPlay:function(opt){},\r\n                onChange:function(opt,idx){},\r\n                onNext:function(opt){},\r\n                onPrev:function(opt){}\r\n            });\r\n\r\n        })(jQuery); \r\n\r\n    <\/script>\r\n\r\n[\/vc_column][\/vc_row][vc_row extra_id=&#8221;scroll-link&#8221; door=&#8221;no&#8221;][vc_column]\t\r\n\t<div class=\"cd-half-block\">\r\n\t\t<div class=\"bg-block\" style=\"background-image:url(https:\/\/dpa.gmbh\/wp-content\/uploads\/2023\/01\/img-1-1536x861-1.jpg);\"><\/div>\r\n\t<\/div>\r\n\t<div class=\"cd-half-block\">\r\n\t\t<div class=\"block-text\">\r\n\t\t\t<h2>Willkommen<b>.<\/b><\/h2>\t\t\t<p>Willkommen bei DPA GmbH, Ihrem Partner f\u00fcr hochwertige Personaldienstleistungen. Wir sind stolz darauf, Ihnen eine breite Palette an L\u00f6sungen f\u00fcr Ihre Personalbed\u00fcrfnisse anbieten zu k\u00f6nnen. Von der Vermittlung qualifizierter Arbeitskr\u00e4fte bis hin zur Unterst\u00fctzung bei der Optimierung Ihrer Personalprozesse, unser erfahrenes Team steht Ihnen jederzeit zur Verf\u00fcgung. Entdecken Sie jetzt, wie wir Ihnen helfen k\u00f6nnen, Ihre Personalziele zu erreichen.<\/p>\t\t\t\t\t<\/div>\r\n\t<\/div>\r\n\r\n[\/vc_column][\/vc_row][vc_row door=&#8221;yes&#8221;][vc_column]\t\r\n\t<div class=\"cd-half-block\">\r\n\t\t<div class=\"bg-block\" style=\"background-image:url(https:\/\/dpa.gmbh\/wp-content\/uploads\/2023\/01\/img-2-1536x861-1.jpg);\"><\/div>\r\n\t<\/div>\r\n\t<div class=\"cd-half-block\">\r\n\t\t<div class=\"block-text\">\r\n\t\t\t<h2>Verlaesslich & unkompliziert<b>.<\/b><\/h2>\t\t\t<p>Wir k\u00fcmmern uns um Fristen, Vertr\u00e4ge, um p\u00fcnktliche und korrekte Bezahlung, auch bei Urlaub und Krankenstand. Sie zahlen dabei nur die geleisteten Stunden. Das bedeutet: Fix kalkulierbare Kosten und eine unkomplizierte, sorgenfreie \u00dcberlassung\u2013 auch bei kurzem Arbeitsbedarf. Ihr verl\u00e4sslicher pd-Ansprechpartner bleibt Ihnen \u00fcber Jahre erhalten.<\/p>\t\t\t\t\t<\/div>\r\n\t<\/div>\r\n\r\n[\/vc_column][\/vc_row][vc_row][vc_column]\t\r\n\t<div class=\"cd-half-block\">\r\n\t\t<div class=\"bg-block\" style=\"background-image:url(https:\/\/dpa.gmbh\/wp-content\/uploads\/2023\/01\/img-3-1536x861-1.jpg);\"><\/div>\r\n\t<\/div>\r\n\t<div class=\"cd-half-block\">\r\n\t\t<div class=\"block-text\">\r\n\t\t\t<h2>Personalvermittlung & -beratung<b>.<\/b><\/h2>\t\t\t<p>Die hohe Zahl aus der Arbeitnehmer\u00fcberlassung in ein festes Arbeitsverh\u00e4ltnis \u00fcbernommener Mitarbeiter best\u00e4tigt unsere bedarfsgerechte Personalauswahl. Doch wir sind auch in der direkten\u00a0Personalvermittlung und -beratung aktiv. Wir kennen die Unternehmen und wissen genau, wer zu ihnen passt. Diesen Vorsprung wissen unsere Kunden zu sch\u00e4tzen. Sie werden bei ihrer Personalsuche wirksam entlastet und unterst\u00fctzt.<\/p>\t\t\t\t\t<\/div>\r\n\t<\/div>\r\n\r\n[\/vc_column][\/vc_row][vc_row][vc_column]\t\r\n\t<div class=\"cd-half-block\">\r\n\t\t<div class=\"bg-block\" style=\"background-image:url(https:\/\/dpa.gmbh\/wp-content\/uploads\/2023\/01\/img-4-1536x861-1.jpg);\"><\/div>\r\n\t<\/div>\r\n\t<div class=\"cd-half-block\">\r\n\t\t<div class=\"block-text\">\r\n\t\t\t<h2>Nehmen Sie Kontakt auf<b>.<\/b><\/h2>\t\t\t\t\t\t<a href=\"https:\/\/dpa.gmbh\/?page_id=551\" class=\"btn animsition-link\">KONTAKT<\/a>\t\t<\/div>\r\n\t<\/div>\r\n\r\n[\/vc_column][\/vc_row]<\/p>\n<\/div>","protected":false},"excerpt":{"rendered":"<p>[vc_row door=&#8221;no&#8221;][vc_column][\/vc_column][\/vc_row][vc_row extra_id=&#8221;scroll-link&#8221; door=&#8221;no&#8221;][vc_column][\/vc_column][\/vc_row][vc_row door=&#8221;yes&#8221;][vc_column][\/vc_column][\/vc_row][vc_row][vc_column][\/vc_column][\/vc_row][vc_row][vc_column][\/vc_column][\/vc_row]<\/p>\n","protected":false},"author":1,"featured_media":0,"parent":0,"menu_order":0,"comment_status":"open","ping_status":"open","template":"page-templates\/template-canvas.php","meta":{"footnotes":""},"class_list":["post-628","page","type-page","status-publish","hentry"],"_links":{"self":[{"href":"https:\/\/dpa.gmbh\/index.php?rest_route=\/wp\/v2\/pages\/628","targetHints":{"allow":["GET"]}}],"collection":[{"href":"https:\/\/dpa.gmbh\/index.php?rest_route=\/wp\/v2\/pages"}],"about":[{"href":"https:\/\/dpa.gmbh\/index.php?rest_route=\/wp\/v2\/types\/page"}],"author":[{"embeddable":true,"href":"https:\/\/dpa.gmbh\/index.php?rest_route=\/wp\/v2\/users\/1"}],"replies":[{"embeddable":true,"href":"https:\/\/dpa.gmbh\/index.php?rest_route=%2Fwp%2Fv2%2Fcomments&post=628"}],"version-history":[{"count":14,"href":"https:\/\/dpa.gmbh\/index.php?rest_route=\/wp\/v2\/pages\/628\/revisions"}],"predecessor-version":[{"id":791,"href":"https:\/\/dpa.gmbh\/index.php?rest_route=\/wp\/v2\/pages\/628\/revisions\/791"}],"wp:attachment":[{"href":"https:\/\/dpa.gmbh\/index.php?rest_route=%2Fwp%2Fv2%2Fmedia&parent=628"}],"curies":[{"name":"wp","href":"https:\/\/api.w.org\/{rel}","templated":true}]}}